{"id":256,"date":"2021-11-23T11:58:20","date_gmt":"2021-11-23T11:58:20","guid":{"rendered":"https:\/\/pier21.okkinga.nl\/frl\/?page_id=256"},"modified":"2022-01-19T13:28:00","modified_gmt":"2022-01-19T13:28:00","slug":"steun-ons","status":"publish","type":"page","link":"https:\/\/www.pier21.nl\/frl\/steun-ons\/","title":{"rendered":"Steun ons"},"content":{"rendered":"","protected":false},"excerpt":{"rendered":"","protected":false},"author":1,"featured_media":0,"parent":0,"menu_order":0,"comment_status":"closed","ping_status":"closed","template":"","meta":{"_acf_changed":false,"footnotes":""},"class_list":["post-256","page","type-page","status-publish","hentry"],"acf":[],"yoast_head":"<!-- This site is optimized with the Yoast SEO plugin v27.4 - https:\/\/yoast.com\/product\/yoast-seo-wordpress\/ -->\n<title>Steun ons - Pier21 FR<\/title>\n<meta name=\"robots\" content=\"index, follow, max-snippet:-1, max-image-preview:large, max-video-preview:-1\" \/>\n<link rel=\"canonical\" href=\"https:\/\/www.pier21.nl\/frl\/steun-ons\/\" \/>\n<meta property=\"og:locale\" content=\"en_US\" \/>\n<meta property=\"og:type\" content=\"article\" \/>\n<meta property=\"og:title\" content=\"Steun ons - Pier21 FR\" \/>\n<meta property=\"og:url\" content=\"https:\/\/www.pier21.nl\/frl\/steun-ons\/\" \/>\n<meta property=\"og:site_name\" content=\"Pier21 FR\" \/>\n<meta property=\"article:modified_time\" content=\"2022-01-19T13:28:00+00:00\" \/>\n<meta name=\"twitter:card\" content=\"summary_large_image\" \/>\n<script type=\"application\/ld+json\" class=\"yoast-schema-graph\">{\"@context\":\"https:\\\/\\\/schema.org\",\"@graph\":[{\"@type\":\"WebPage\",\"@id\":\"https:\\\/\\\/www.pier21.nl\\\/frl\\\/steun-ons\\\/\",\"url\":\"https:\\\/\\\/www.pier21.nl\\\/frl\\\/steun-ons\\\/\",\"name\":\"Steun ons - Pier21 FR\",\"isPartOf\":{\"@id\":\"https:\\\/\\\/www.pier21.nl\\\/frl\\\/#website\"},\"datePublished\":\"2021-11-23T11:58:20+00:00\",\"dateModified\":\"2022-01-19T13:28:00+00:00\",\"breadcrumb\":{\"@id\":\"https:\\\/\\\/www.pier21.nl\\\/frl\\\/steun-ons\\\/#breadcrumb\"},\"inLanguage\":\"fy\",\"potentialAction\":[{\"@type\":\"ReadAction\",\"target\":[\"https:\\\/\\\/www.pier21.nl\\\/frl\\\/steun-ons\\\/\"]}]},{\"@type\":\"BreadcrumbList\",\"@id\":\"https:\\\/\\\/www.pier21.nl\\\/frl\\\/steun-ons\\\/#breadcrumb\",\"itemListElement\":[{\"@type\":\"ListItem\",\"position\":1,\"name\":\"Home\",\"item\":\"https:\\\/\\\/www.pier21.nl\\\/frl\\\/\"},{\"@type\":\"ListItem\",\"position\":2,\"name\":\"Steun ons\"}]},{\"@type\":\"WebSite\",\"@id\":\"https:\\\/\\\/www.pier21.nl\\\/frl\\\/#website\",\"url\":\"https:\\\/\\\/www.pier21.nl\\\/frl\\\/\",\"name\":\"Pier21 FR\",\"description\":\"wy meitsje teater, th\u00fas en yn it b\u00fbtel\u00e2n\",\"potentialAction\":[{\"@type\":\"SearchAction\",\"target\":{\"@type\":\"EntryPoint\",\"urlTemplate\":\"https:\\\/\\\/www.pier21.nl\\\/frl\\\/?s={search_term_string}\"},\"query-input\":{\"@type\":\"PropertyValueSpecification\",\"valueRequired\":true,\"valueName\":\"search_term_string\"}}],\"inLanguage\":\"fy\"}]}<\/script>\n<!-- \/ Yoast SEO plugin. -->","yoast_head_json":{"title":"Steun ons - Pier21 FR","robots":{"index":"index","follow":"follow","max-snippet":"max-snippet:-1","max-image-preview":"max-image-preview:large","max-video-preview":"max-video-preview:-1"},"canonical":"https:\/\/www.pier21.nl\/frl\/steun-ons\/","og_locale":"en_US","og_type":"article","og_title":"Steun ons - Pier21 FR","og_url":"https:\/\/www.pier21.nl\/frl\/steun-ons\/","og_site_name":"Pier21 FR","article_modified_time":"2022-01-19T13:28:00+00:00","twitter_card":"summary_large_image","schema":{"@context":"https:\/\/schema.org","@graph":[{"@type":"WebPage","@id":"https:\/\/www.pier21.nl\/frl\/steun-ons\/","url":"https:\/\/www.pier21.nl\/frl\/steun-ons\/","name":"Steun ons - Pier21 FR","isPartOf":{"@id":"https:\/\/www.pier21.nl\/frl\/#website"},"datePublished":"2021-11-23T11:58:20+00:00","dateModified":"2022-01-19T13:28:00+00:00","breadcrumb":{"@id":"https:\/\/www.pier21.nl\/frl\/steun-ons\/#breadcrumb"},"inLanguage":"fy","potentialAction":[{"@type":"ReadAction","target":["https:\/\/www.pier21.nl\/frl\/steun-ons\/"]}]},{"@type":"BreadcrumbList","@id":"https:\/\/www.pier21.nl\/frl\/steun-ons\/#breadcrumb","itemListElement":[{"@type":"ListItem","position":1,"name":"Home","item":"https:\/\/www.pier21.nl\/frl\/"},{"@type":"ListItem","position":2,"name":"Steun ons"}]},{"@type":"WebSite","@id":"https:\/\/www.pier21.nl\/frl\/#website","url":"https:\/\/www.pier21.nl\/frl\/","name":"Pier21 FR","description":"wy meitsje teater, th\u00fas en yn it b\u00fbtel\u00e2n","potentialAction":[{"@type":"SearchAction","target":{"@type":"EntryPoint","urlTemplate":"https:\/\/www.pier21.nl\/frl\/?s={search_term_string}"},"query-input":{"@type":"PropertyValueSpecification","valueRequired":true,"valueName":"search_term_string"}}],"inLanguage":"fy"}]}},"_links":{"self":[{"href":"https:\/\/www.pier21.nl\/frl\/wp-json\/wp\/v2\/pages\/256","targetHints":{"allow":["GET"]}}],"collection":[{"href":"https:\/\/www.pier21.nl\/frl\/wp-json\/wp\/v2\/pages"}],"about":[{"href":"https:\/\/www.pier21.nl\/frl\/wp-json\/wp\/v2\/types\/page"}],"author":[{"embeddable":true,"href":"https:\/\/www.pier21.nl\/frl\/wp-json\/wp\/v2\/users\/1"}],"replies":[{"embeddable":true,"href":"https:\/\/www.pier21.nl\/frl\/wp-json\/wp\/v2\/comments?post=256"}],"version-history":[{"count":18,"href":"https:\/\/www.pier21.nl\/frl\/wp-json\/wp\/v2\/pages\/256\/revisions"}],"predecessor-version":[{"id":894,"href":"https:\/\/www.pier21.nl\/frl\/wp-json\/wp\/v2\/pages\/256\/revisions\/894"}],"wp:attachment":[{"href":"https:\/\/www.pier21.nl\/frl\/wp-json\/wp\/v2\/media?parent=256"}],"curies":[{"name":"wp","href":"https:\/\/api.w.org\/{rel}","templated":true}]}}